{"id":5,"date":"2022-10-13T19:25:37","date_gmt":"2022-10-13T19:25:37","guid":{"rendered":"https:\/\/sierpechocolate.com\/?page_id=3"},"modified":"2023-10-27T17:22:14","modified_gmt":"2023-10-27T17:22:14","slug":"sierpe-cafe-chocolate","status":"publish","type":"page","link":"https:\/\/de.sierpechocolate.com\/","title":{"rendered":"Sierpe Cafe &#038; Chocolate"},"content":{"rendered":"\n<figure class=\"wp-block-image size-large is-resized\"><img decoding=\"async\" src=\"https:\/\/sierpechocolate.com\/wp-content\/uploads\/2022\/10\/20220928_071457_cut-1-1024x223.jpg\" alt=\"\" class=\"wp-image-68\" style=\"width:1170px;height:255px\"\/><\/figure>\n\n\n\n<p><\/p>\n\n\n\n<div class=\"wp-block-columns is-layout-flex wp-container-core-columns-is-layout-9d6595d7 wp-block-columns-is-layout-flex\">\n<div class=\"wp-block-column is-layout-flow wp-block-column-is-layout-flow\" style=\"flex-basis:50%\">\n<div class=\"wp-block-group\"><div class=\"wp-block-group__inner-container is-layout-flow wp-block-group-is-layout-flow\">\n<h3 class=\"wp-block-heading\" id=\"heading_1\">&#8220;Root to Bar&#8221; ohne Konservierungsstoffe, ganz nat\u00fcrlich, 70% Kakao, &#8220;ECHTE SCHOKOLADE&#8221;<\/h3>\n\n\n\n<p>Wir sind eine kleine Schokoladenmanufaktur, die aus der Liebe zu guter Schokolade und dem Wunsch entstanden ist, diese mit dem Kakao lokaler Bauern und nur mit den besten Zutaten herzustellen. Sie haben noch nie bessere Schokolade probiert, egal wie schick die Verpackung war. Probieren Sie unsere Schokolade und erfahren Sie, wie Schokolade schmecken sollte.<br><br>Unsere Mission bei Sierpe Caf\u00e9 &amp; Chocolate ist es, Schokoladenliebhaber mit einer exquisiten Vielfalt von Aromen zu verzaubern und zu erfreuen. Unsere Schokolade wird mit Liebe und Pr\u00e4zision von Hand hergestellt. Wir sind bestrebt, die authentische Essenz Costa Ricas zu bewahren, indem wir Kakao aus der Region und die reinsten nat\u00fcrlichen Zutaten verwenden. Durch nachhaltige Praktiken und die Unterst\u00fctzung lokaler Landwirte bem\u00fchen wir uns, einen positiven Einfluss auf unsere Gemeinschaft und die Umwelt zu haben. Mit jeder Kreation m\u00f6chten wir ein unvergessliches Erlebnis schaffen, das das reiche kulturelle Erbe und die \u00fcppige Sch\u00f6nheit Costa Ricas zelebriert. Unser Engagement f\u00fcr Spitzenleistungen treibt uns an, die feinsten Schokoladen herzustellen und eine au\u00dfergew\u00f6hnliche Reise anzubieten, die die Sinne verw\u00f6hnt und das Herz erw\u00e4rmt.<\/p>\n<\/div><\/div>\n<\/div>\n\n\n\n<div class=\"wp-block-column is-layout-flow wp-block-column-is-layout-flow\" style=\"flex-basis:50%\">\n<figure class=\"wp-block-gallery has-nested-images columns-default is-cropped wp-block-gallery-1 is-layout-flex wp-block-gallery-is-layout-flex\">\n<figure class=\"wp-block-image size-large\"><img decoding=\"async\" data-id=\"28\" src=\"https:\/\/sierpechocolate.com\/wp-content\/uploads\/2022\/10\/20220927_131830-768x1024.jpg\" alt=\"\" class=\"wp-image-28\"\/><\/figure>\n\n\n\n<figure class=\"wp-block-image size-large\"><img decoding=\"async\" data-id=\"27\" src=\"https:\/\/sierpechocolate.com\/wp-content\/uploads\/2022\/10\/20220928_153531-768x1024.jpg\" alt=\"\" class=\"wp-image-27\"\/><\/figure>\n\n\n\n<figure class=\"wp-block-image size-large\"><img loading=\"lazy\" decoding=\"async\" width=\"938\" height=\"1024\" data-id=\"287\" src=\"https:\/\/de.sierpechocolate.com\/wp-content\/uploads\/2023\/10\/IMG_8687-938x1024.jpg\" alt=\"\" class=\"wp-image-287\" srcset=\"https:\/\/de.sierpechocolate.com\/wp-content\/uploads\/2023\/10\/IMG_8687-938x1024.jpg 938w, https:\/\/de.sierpechocolate.com\/wp-content\/uploads\/2023\/10\/IMG_8687-275x300.jpg 275w, https:\/\/de.sierpechocolate.com\/wp-content\/uploads\/2023\/10\/IMG_8687-768x838.jpg 768w, https:\/\/de.sierpechocolate.com\/wp-content\/uploads\/2023\/10\/IMG_8687-1408x1536.jpg 1408w, https:\/\/de.sierpechocolate.com\/wp-content\/uploads\/2023\/10\/IMG_8687-1877x2048.jpg 1877w, https:\/\/de.sierpechocolate.com\/wp-content\/uploads\/2023\/10\/IMG_8687-600x655.jpg 600w\" sizes=\"auto, (max-width: 938px) 100vw, 938px\" \/><\/figure>\n<\/figure>\n\n\n\n<figure class=\"wp-block-gallery has-nested-images columns-default is-cropped wp-block-gallery-2 is-layout-flex wp-block-gallery-is-layout-flex\">\n<figure class=\"wp-block-image size-large\"><img decoding=\"async\" data-id=\"34\" src=\"https:\/\/sierpechocolate.com\/wp-content\/uploads\/2022\/10\/20220927_132341-1-768x1024.jpg\" alt=\"\" class=\"wp-image-34\"\/><\/figure>\n\n\n\n<figure class=\"wp-block-image size-large\"><img decoding=\"async\" data-id=\"33\" src=\"https:\/\/sierpechocolate.com\/wp-content\/uploads\/2022\/10\/20220927_134223-1-768x1024.jpg\" alt=\"\" class=\"wp-image-33\"\/><\/figure>\n<\/figure>\n<\/div>\n<\/div>\n","protected":false},"excerpt":{"rendered":"<p>&#8220;Root to Bar&#8221; ohne Konservierungsstoffe, ganz nat\u00fcrlich, 70% Kakao, &#8220;ECHTE SCHOKOLADE&#8221; Wir sind eine kleine Schokoladenmanufaktur, die aus der Liebe zu guter Schokolade und dem Wunsch entstanden ist, diese mit dem Kakao lokaler Bauern und nur mit den besten Zutaten herzustellen. Sie haben noch nie bessere Schokolade probiert, egal wie schick die Verpackung war. Probieren&hellip;&nbsp;<\/p>\n","protected":false},"author":1,"featured_media":43,"parent":0,"menu_order":0,"comment_status":"closed","ping_status":"closed","template":"","meta":{"neve_meta_sidebar":"","neve_meta_container":"","neve_meta_enable_content_width":"","neve_meta_content_width":0,"neve_meta_title_alignment":"","neve_meta_author_avatar":"","neve_post_elements_order":"","neve_meta_disable_header":"","neve_meta_disable_footer":"","neve_meta_disable_title":"","_themeisle_gutenberg_block_has_review":false,"footnotes":""},"class_list":["post-5","page","type-page","status-publish","has-post-thumbnail","hentry"],"_links":{"self":[{"href":"https:\/\/de.sierpechocolate.com\/index.php?rest_route=\/wp\/v2\/pages\/5","targetHints":{"allow":["GET"]}}],"collection":[{"href":"https:\/\/de.sierpechocolate.com\/index.php?rest_route=\/wp\/v2\/pages"}],"about":[{"href":"https:\/\/de.sierpechocolate.com\/index.php?rest_route=\/wp\/v2\/types\/page"}],"author":[{"embeddable":true,"href":"https:\/\/de.sierpechocolate.com\/index.php?rest_route=\/wp\/v2\/users\/1"}],"replies":[{"embeddable":true,"href":"https:\/\/de.sierpechocolate.com\/index.php?rest_route=%2Fwp%2Fv2%2Fcomments&post=5"}],"version-history":[{"count":6,"href":"https:\/\/de.sierpechocolate.com\/index.php?rest_route=\/wp\/v2\/pages\/5\/revisions"}],"predecessor-version":[{"id":325,"href":"https:\/\/de.sierpechocolate.com\/index.php?rest_route=\/wp\/v2\/pages\/5\/revisions\/325"}],"wp:featuredmedia":[{"embeddable":true,"href":"https:\/\/de.sierpechocolate.com\/index.php?rest_route=\/"}],"wp:attachment":[{"href":"https:\/\/de.sierpechocolate.com\/index.php?rest_route=%2Fwp%2Fv2%2Fmedia&parent=5"}],"curies":[{"name":"wp","href":"https:\/\/api.w.org\/{rel}","templated":true}]}}