{"id":107,"date":"2022-10-28T11:03:07","date_gmt":"2022-10-28T10:03:07","guid":{"rendered":"https:\/\/sierpechocolate.com\/?page_id=107"},"modified":"2023-10-27T15:24:23","modified_gmt":"2023-10-27T15:24:23","slug":"gallery-7","status":"publish","type":"page","link":"https:\/\/de.sierpechocolate.com\/?page_id=107","title":{"rendered":"Schokolade"},"content":{"rendered":"\n<div class=\"wp-block-cover alignfull\"><span aria-hidden=\"true\" class=\"wp-block-cover__background has-nv-light-bg-background-color has-background-dim-100 has-background-dim\"><\/span><div class=\"wp-block-cover__inner-container is-layout-flow wp-block-cover-is-layout-flow\">\n<div style=\"height:80px\" aria-hidden=\"true\" class=\"wp-block-spacer\"><\/div>\n\n\n\n<div class=\"wp-block-columns is-layout-flex wp-container-core-columns-is-layout-9d6595d7 wp-block-columns-is-layout-flex\">\n<div class=\"wp-block-column is-layout-flow wp-block-column-is-layout-flow\">\n<div class=\"wp-block-cover\" style=\"min-height:600px;aspect-ratio:unset;\"><span aria-hidden=\"true\" class=\"wp-block-cover__background has-nv-site-bg-background-color has-background-dim-0 has-background-dim\"><\/span><img loading=\"lazy\" decoding=\"async\" width=\"2117\" height=\"2310\" class=\"wp-block-cover__image-background wp-image-287\" alt=\"\" src=\"https:\/\/de.sierpechocolate.com\/wp-content\/uploads\/2023\/10\/IMG_8687.jpg\" data-object-fit=\"cover\" srcset=\"https:\/\/de.sierpechocolate.com\/wp-content\/uploads\/2023\/10\/IMG_8687.jpg 2117w, https:\/\/de.sierpechocolate.com\/wp-content\/uploads\/2023\/10\/IMG_8687-275x300.jpg 275w, https:\/\/de.sierpechocolate.com\/wp-content\/uploads\/2023\/10\/IMG_8687-938x1024.jpg 938w, https:\/\/de.sierpechocolate.com\/wp-content\/uploads\/2023\/10\/IMG_8687-768x838.jpg 768w, https:\/\/de.sierpechocolate.com\/wp-content\/uploads\/2023\/10\/IMG_8687-1408x1536.jpg 1408w, https:\/\/de.sierpechocolate.com\/wp-content\/uploads\/2023\/10\/IMG_8687-1877x2048.jpg 1877w, https:\/\/de.sierpechocolate.com\/wp-content\/uploads\/2023\/10\/IMG_8687-600x655.jpg 600w\" sizes=\"auto, (max-width: 2117px) 100vw, 2117px\" \/><div class=\"wp-block-cover__inner-container is-layout-flow wp-block-cover-is-layout-flow\">\n<p class=\"has-text-align-center has-large-font-size\"><\/p>\n<\/div><\/div>\n<\/div>\n\n\n\n<div class=\"wp-block-column is-layout-flow wp-block-column-is-layout-flow\">\n<div class=\"wp-block-cover\" style=\"min-height:600px;aspect-ratio:unset;\"><span aria-hidden=\"true\" class=\"wp-block-cover__background has-nv-site-bg-background-color has-background-dim-100 has-background-dim\"><\/span><div class=\"wp-block-cover__inner-container is-layout-flow wp-block-cover-is-layout-flow\">\n<h1 class=\"wp-block-heading has-neve-text-color-color has-text-color\">Schokolade<\/h1>\n\n\n\n<p class=\"has-neve-text-color-color has-text-color\">Bei Sierpe Caf\u00e9 &amp; Chocolate sind wir stolz auf unseren handwerklichen Schokoladenherstellungsprozess, bei dem jeder Schritt von Leidenschaft und Hingabe gepr\u00e4gt ist. Unser Angebot an Geschmacksrichtungen mit fruchtigen und exotischen Optionen weckt die Geschmacksknospen und entf\u00fchrt Sie in das Herz Costa Ricas. Die Grundlage der meisten unserer Schokoladen ist eine 70%ige Kakaobasis, die es Ihnen erm\u00f6glicht, den exquisiten Geschmack reiner, hochwertiger Schokolade zu genie\u00dfen. <br>Jede Kakaobohne wird von engagierten Einheimischen, die den wahren Wert dieses kostbaren Geschenks des Landes kennen, handverlesen. Mit Geschick und Leidenschaft verwandeln sie diese Bohnen in seidige, samtige Schokoladengen\u00fcsse, die die Sinne bet\u00f6ren.<\/p>\n\n\n\n<div class=\"wp-block-columns is-layout-flex wp-container-core-columns-is-layout-9d6595d7 wp-block-columns-is-layout-flex\">\n<div class=\"wp-block-column is-layout-flow wp-block-column-is-layout-flow\">\n<figure class=\"wp-block-image size-large\"><img decoding=\"async\" src=\"https:\/\/sierpechocolate.com\/wp-content\/uploads\/2023\/10\/Trin.jpg\" alt=\"\"\/><\/figure>\n<\/div>\n\n\n\n<div class=\"wp-block-column is-layout-flow wp-block-column-is-layout-flow\">\n<figure class=\"wp-block-image size-large\"><img decoding=\"async\" src=\"https:\/\/sierpechocolate.com\/wp-content\/uploads\/2022\/10\/20220927_132341-1-768x1024.jpg\" alt=\"\" class=\"wp-image-34\"\/><\/figure>\n<\/div>\n\n\n\n<div class=\"wp-block-column is-layout-flow wp-block-column-is-layout-flow\">\n<figure class=\"wp-block-image size-large\"><img decoding=\"async\" src=\"https:\/\/sierpechocolate.com\/wp-content\/uploads\/2022\/10\/20220927_134223-1-768x1024.jpg\" alt=\"\" class=\"wp-image-33\"\/><\/figure>\n<\/div>\n<\/div>\n<\/div><\/div>\n<\/div>\n<\/div>\n<\/div><\/div>\n\n\n\n<div class=\"wp-block-cover alignfull\"><span aria-hidden=\"true\" class=\"wp-block-cover__background has-nv-dark-bg-background-color has-background-dim-100 has-background-dim\"><\/span><div class=\"wp-block-cover__inner-container is-layout-flow wp-block-cover-is-layout-flow\">\n<div style=\"height:80px\" aria-hidden=\"true\" class=\"wp-block-spacer\"><\/div>\n\n\n\n<div class=\"wp-block-columns is-layout-flex wp-container-core-columns-is-layout-9d6595d7 wp-block-columns-is-layout-flex\">\n<div class=\"wp-block-column is-layout-flow wp-block-column-is-layout-flow\">\n<figure class=\"wp-block-image size-full\"><img decoding=\"async\" src=\"https:\/\/sierpechocolate.com\/wp-content\/uploads\/2022\/10\/13998_795883733783755_6143133141512915149_n-1.jpg\" alt=\"\" class=\"wp-image-101\"\/><\/figure>\n\n\n\n<p class=\"has-nv-text-dark-bg-color has-text-color\">Die Kakaoschoten werden frisch gepfl\u00fcckt an uns geliefert<\/p>\n\n\n\n<figure class=\"wp-block-image size-full\"><img decoding=\"async\" src=\"https:\/\/sierpechocolate.com\/wp-content\/uploads\/2022\/10\/img_20191230_170558.jpg\" alt=\"\" class=\"wp-image-99\"\/><\/figure>\n\n\n\n<figure class=\"wp-block-image size-full\"><img decoding=\"async\" src=\"https:\/\/sierpechocolate.com\/wp-content\/uploads\/2022\/10\/p1090814.jpg\" alt=\"\" class=\"wp-image-90\"\/><\/figure>\n\n\n\n<p class=\"has-nv-text-dark-bg-color has-text-color\">Aus der Temperierung formen wir 30g-Tafeln, die vor dem Verpacken abgek\u00fchlt werden. W\u00e4hrend dieses Prozesses m\u00fcssen die Tafeln ger\u00fcttelt werden, um die Luftblasen aus der Schokolade zu entfernen.<\/p>\n<\/div>\n\n\n\n<div class=\"wp-block-column is-layout-flow wp-block-column-is-layout-flow\">\n<figure class=\"wp-block-image size-full\"><img decoding=\"async\" src=\"https:\/\/sierpechocolate.com\/wp-content\/uploads\/2022\/10\/p1090073-1.jpg\" alt=\"\" class=\"wp-image-84\"\/><\/figure>\n\n\n\n<p class=\"has-nv-text-dark-bg-color has-text-color\">Wir fermentieren die Bohnen sorgf\u00e4ltig und unter st\u00e4ndiger Kontrolle in mit Bananenbl\u00e4ttern ausgelegten Holzkisten.<\/p>\n\n\n\n<figure class=\"wp-block-image size-full\"><img decoding=\"async\" src=\"https:\/\/sierpechocolate.com\/wp-content\/uploads\/2022\/10\/p1080971.jpg\" alt=\"\" class=\"wp-image-86\"\/><\/figure>\n\n\n\n<p>Wir verwenden einen handels\u00fcblichen Entsafter, um die Nibs zu einer Paste zu verarbeiten, die als Kakaolik\u00f6r bekannt ist.<\/p>\n\n\n\n<figure class=\"wp-block-image size-full\"><img decoding=\"async\" src=\"https:\/\/sierpechocolate.com\/wp-content\/uploads\/2022\/10\/p1090594.jpg\" alt=\"\" class=\"wp-image-91\"\/><\/figure>\n\n\n\n<p class=\"has-nv-text-dark-bg-color has-text-color\">Jede Tafel wird einzeln von Hand in eine mit Papier ausgekleidete Folie eingewickelt, die speziell f\u00fcr Schokolade entwickelt wurde, bevor das Etikett um die Tafel gewickelt wird.<\/p>\n<\/div>\n\n\n\n<div class=\"wp-block-column is-vertically-aligned-top is-layout-flow wp-block-column-is-layout-flow\">\n<figure class=\"wp-block-image size-full\"><img decoding=\"async\" src=\"https:\/\/sierpechocolate.com\/wp-content\/uploads\/2022\/10\/dscf0027.jpg\" alt=\"\" class=\"wp-image-102\"\/><\/figure>\n\n\n\n<p class=\"has-nv-text-dark-bg-color has-text-color\">Nach der Fermentierung trocknen wir die Bohnen etwa 6 Tage lang an der Sonne.<\/p>\n\n\n\n<figure class=\"wp-block-image size-full\"><img decoding=\"async\" src=\"https:\/\/sierpechocolate.com\/wp-content\/uploads\/2022\/10\/p1080919.jpg\" alt=\"\" class=\"wp-image-97\"\/><\/figure>\n\n\n\n<p>Mindestens 24 Stunden in einer Steinm\u00fchle, genannt &#8220;Melanger&#8221;.<\/p>\n\n\n\n<p>Dies ist wichtig, damit die Schokolade eine glatte Textur erh\u00e4lt und der Geschmack reift.<\/p>\n<\/div>\n\n\n\n<div class=\"wp-block-column is-layout-flow wp-block-column-is-layout-flow\">\n<figure class=\"wp-block-image size-full\"><img decoding=\"async\" src=\"https:\/\/sierpechocolate.com\/wp-content\/uploads\/2022\/10\/p1080947.jpg\" alt=\"\" class=\"wp-image-95\"\/><\/figure>\n\n\n\n<p class=\"has-nv-text-dark-bg-color has-text-color\">Die Bohnen werden in kleinen Chargen in unserem Kaffee-\/Kakaor\u00f6ster ger\u00f6stet.<\/p>\n\n\n\n<figure class=\"wp-block-image size-full\"><img decoding=\"async\" src=\"https:\/\/sierpechocolate.com\/wp-content\/uploads\/2022\/10\/img_20191230_170156.jpg\" alt=\"\" class=\"wp-image-100\"\/><\/figure>\n\n\n\n<p class=\"has-nv-text-dark-bg-color has-text-color\">Wir temperieren in einer kleinen, aber effektiven Temperiermaschine, die den Prozess st\u00f6rungsfrei und reibungslos ablaufen l\u00e4sst. Wir halten unseren Temperierprozess mit der Klimaanlage in unserer Gro\u00dfk\u00fcche k\u00fchl<\/p>\n<\/div>\n<\/div>\n\n\n\n<div style=\"height:50px\" aria-hidden=\"true\" class=\"wp-block-spacer\"><\/div>\n<\/div><\/div>\n\n\n\n<figure class=\"wp-block-pullquote has-text-align-center alignwide has-background has-nv-light-bg-background-color is-style-solid-color\"><blockquote><p>13 tolle Sorten: Dunkel, Milch, Chili, Kaffee, Sonnenblumenkerne, Meersalz, Michelada (Limette und Meersalz), Kokosnuss, Mandeln, Serious (mit reinen Kakaonibs), Ananas, Mango und Erdbeere<\/p><\/blockquote><\/figure>\n\n\n\n<h3 class=\"wp-block-heading\">Wie haben Auszeichnungen bei Costa Ricas wichtigstem Schokoladentreffen f\u00fcr handwerkliche Schokoladenhersteller erhalten<\/h3>\n\n\n\n<div class=\"wp-block-columns is-layout-flex wp-container-core-columns-is-layout-9d6595d7 wp-block-columns-is-layout-flex\">\n<div class=\"wp-block-column is-layout-flow wp-block-column-is-layout-flow\" style=\"flex-basis:100%\">\n<div class=\"wp-block-group\"><div class=\"wp-block-group__inner-container is-layout-constrained wp-block-group-is-layout-constrained\">\n<figure class=\"wp-block-gallery has-nested-images columns-default is-cropped wp-block-gallery-1 is-layout-flex wp-block-gallery-is-layout-flex\">\n<figure class=\"wp-block-image size-full\"><img decoding=\"async\" data-id=\"148\" src=\"https:\/\/sierpechocolate.com\/wp-content\/uploads\/2022\/11\/fullsizeoutput_2a.jpeg\" alt=\"\" class=\"wp-image-148\"\/><\/figure>\n\n\n\n<figure class=\"wp-block-image size-full\"><img decoding=\"async\" data-id=\"149\" src=\"https:\/\/sierpechocolate.com\/wp-content\/uploads\/2022\/11\/fullsizeoutput_a0.jpeg\" alt=\"\" class=\"wp-image-149\"\/><\/figure>\n<\/figure>\n<\/div><\/div>\n<\/div>\n<\/div>\n\n\n\n<p>Obwohl die Bewegung der handwerklich hergestellten Schokolade in Costa Rica noch sehr jung ist, hat sie gro\u00dfe Wellen geschlagen und macht der Bewegung f\u00fcr Spezialit\u00e4tenkaffee Konkurrenz, die in den 70er Jahren in den USA begann. Die wichtigste Veranstaltung f\u00fcr handwerkliche Schokoladenhersteller in Costa Rica ist das Schokoladenfestival, das jedes Jahr im Oktober am Halloween-Wochenende in Puerto Viejo stattfindet.<\/p>\n\n\n\n<p>Wir sind dort Stammg\u00e4ste und k\u00f6nnen mit Stolz sagen, dass wir beim Wettbewerb 2015 um die besten der besten Schokoladen, die von den engagiertesten handwerklichen Schokoladenherstellern des Landes produziert wurden, mit unserer Milchschokolade den ersten Platz belegt haben. Beim  Festival 2016 gewannen wir die begehrteste Auszeichnung, den ersten Platz in der Kategorie &#8220;Single Origin Dark Chocolate&#8221;. Alles, womit man arbeiten muss, ist der Kakao und etwas Zucker &#8211; man muss nur gut sein.<\/p>\n\n\n\n<p>W\u00e4hrend die Milchschokolade und unsere Zartbitterschokolade uns die prestigetr\u00e4chtigen Auszeichnungen in Puerto Viejo eingebracht haben, ist es die Chili-Schokolade, die die meiste Aufmerksamkeit auf sich zieht.<\/p>\n","protected":false},"excerpt":{"rendered":"<p>13 tolle Sorten: Dunkel, Milch, Chili, Kaffee, Sonnenblumenkerne, Meersalz, Michelada (Limette und Meersalz), Kokosnuss, Mandeln, Serious (mit reinen Kakaonibs), Ananas, Mango und Erdbeere Wie haben Auszeichnungen bei Costa Ricas wichtigstem Schokoladentreffen f\u00fcr handwerkliche Schokoladenhersteller erhalten Obwohl die Bewegung der handwerklich hergestellten Schokolade in Costa Rica noch sehr jung ist, hat sie gro\u00dfe Wellen geschlagen und&hellip;&nbsp;<\/p>\n","protected":false},"author":1,"featured_media":0,"parent":0,"menu_order":0,"comment_status":"closed","ping_status":"closed","template":"","meta":{"neve_meta_sidebar":"full-width","neve_meta_container":"contained","neve_meta_enable_content_width":"on","neve_meta_content_width":100,"neve_meta_title_alignment":"","neve_meta_author_avatar":"","neve_post_elements_order":"","neve_meta_disable_header":"","neve_meta_disable_footer":"on","neve_meta_disable_title":"on","_themeisle_gutenberg_block_has_review":false,"footnotes":""},"class_list":["post-107","page","type-page","status-publish","hentry"],"_links":{"self":[{"href":"https:\/\/de.sierpechocolate.com\/index.php?rest_route=\/wp\/v2\/pages\/107","targetHints":{"allow":["GET"]}}],"collection":[{"href":"https:\/\/de.sierpechocolate.com\/index.php?rest_route=\/wp\/v2\/pages"}],"about":[{"href":"https:\/\/de.sierpechocolate.com\/index.php?rest_route=\/wp\/v2\/types\/page"}],"author":[{"embeddable":true,"href":"https:\/\/de.sierpechocolate.com\/index.php?rest_route=\/wp\/v2\/users\/1"}],"replies":[{"embeddable":true,"href":"https:\/\/de.sierpechocolate.com\/index.php?rest_route=%2Fwp%2Fv2%2Fcomments&post=107"}],"version-history":[{"count":5,"href":"https:\/\/de.sierpechocolate.com\/index.php?rest_route=\/wp\/v2\/pages\/107\/revisions"}],"predecessor-version":[{"id":312,"href":"https:\/\/de.sierpechocolate.com\/index.php?rest_route=\/wp\/v2\/pages\/107\/revisions\/312"}],"wp:attachment":[{"href":"https:\/\/de.sierpechocolate.com\/index.php?rest_route=%2Fwp%2Fv2%2Fmedia&parent=107"}],"curies":[{"name":"wp","href":"https:\/\/api.w.org\/{rel}","templated":true}]}}